{"id":885,"date":"2015-04-14T17:02:08","date_gmt":"2015-04-14T17:02:08","guid":{"rendered":"http:\/\/localhost\/wordpress_evola\/?page_id=155"},"modified":"2018-05-06T15:30:49","modified_gmt":"2018-05-06T13:30:49","slug":"standorthome","status":"publish","type":"page","link":"https:\/\/www.evola-spedition.com\/fr\/standorthome\/","title":{"rendered":"Standort\/Kontakt"},"content":{"rendered":"<p><\/p>\n<h1>En plein centre et au-del\u00e0.<\/h1>\n<p>Nous sommes situ\u00e9s en plein c\u0153ur de l\u2019Europe et faisons preuve d\u2019une flexibilit\u00e9 sans fronti\u00e8res. Le site principal d\u2019EVOLA, situ\u00e9 \u00e0 la convergence de l\u2019Allemagne, de la France et de la Suisse, offre un point de d\u00e9part id\u00e9al pour tous les trajets europ\u00e9ens. Gr\u00e2ce \u00e0 notre excellent raccordement \u00e0 l\u2019infrastructure de transport, vous arriverez rapidement \u00e0 bon port.<\/p>\n<p><strong>Notre adresse postale est la suivante:<br \/>\n<\/strong>EVOLA GmbH, Hegenheimer Stra\u00dfe 17, D-79576 Weil am Rhein<\/p>\n<p><a href=\"mailto:info@evola-spedition.com\">info@evola-spedition.com<\/a><\/p>","protected":false},"excerpt":{"rendered":"<p>En plein centre et au-del\u00e0. [&hellip;]<\/p>\n","protected":false},"author":1,"featured_media":992,"parent":0,"menu_order":600,"comment_status":"open","ping_status":"closed","template":"page_kontakt.php","meta":{"footnotes":""},"class_list":["post-885","page","type-page","status-publish","has-post-thumbnail","hentry"],"aioseo_notices":[],"_links":{"self":[{"href":"https:\/\/www.evola-spedition.com\/fr\/wp-json\/wp\/v2\/pages\/885","targetHints":{"allow":["GET"]}}],"collection":[{"href":"https:\/\/www.evola-spedition.com\/fr\/wp-json\/wp\/v2\/pages"}],"about":[{"href":"https:\/\/www.evola-spedition.com\/fr\/wp-json\/wp\/v2\/types\/page"}],"author":[{"embeddable":true,"href":"https:\/\/www.evola-spedition.com\/fr\/wp-json\/wp\/v2\/users\/1"}],"replies":[{"embeddable":true,"href":"https:\/\/www.evola-spedition.com\/fr\/wp-json\/wp\/v2\/comments?post=885"}],"version-history":[{"count":3,"href":"https:\/\/www.evola-spedition.com\/fr\/wp-json\/wp\/v2\/pages\/885\/revisions"}],"predecessor-version":[{"id":1129,"href":"https:\/\/www.evola-spedition.com\/fr\/wp-json\/wp\/v2\/pages\/885\/revisions\/1129"}],"wp:featuredmedia":[{"embeddable":true,"href":"https:\/\/www.evola-spedition.com\/fr\/wp-json\/wp\/v2\/media\/992"}],"wp:attachment":[{"href":"https:\/\/www.evola-spedition.com\/fr\/wp-json\/wp\/v2\/media?parent=885"}],"curies":[{"name":"wp","href":"https:\/\/api.w.org\/{rel}","templated":true}]}}