{"id":884,"date":"2015-04-14T16:53:03","date_gmt":"2015-04-14T16:53:03","guid":{"rendered":"http:\/\/localhost\/wordpress_evola\/?page_id=143"},"modified":"2016-02-03T11:10:55","modified_gmt":"2016-02-03T09:10:55","slug":"verzollung","status":"publish","type":"page","link":"https:\/\/www.evola-spedition.com\/fr\/zollabfertigung-2\/verzollung\/","title":{"rendered":"Verzollung"},"content":{"rendered":"<p><\/p>\n<h1>Dedouanements Professionels.<\/h1>\n<p>Vous voulez importer ou exporter des marchandises vers ou depuis un Pays hors de la communaut\u00e9 Europ\u00e9enne? La St\u00e9 EVOLA vous propose une proc\u00e9dure douani\u00e8re rapide et simplifi\u00e9e et si vous le souhaitez elle peut vous proposer <strong><a href=\"http:\/\/www.zoll.de\/FR\/Entreprises\/Circulation-des-marchandises\/circulation-des-marchandises_node.html\" target=\"_blank\">la repr\u00e9sentation fiscale<\/a>.<\/strong> La St\u00e9\u00a0EVOLA a le statut d\u2019Exp\u00e9diteur et\/ou Destinataire agr\u00e9e aupr\u00e8s de l\u2019administration des douanes pour des proc\u00e9dures de douane simplifi\u00e9es.<\/p>\n<p>Par ailleurs le d\u00e9p\u00f4t\u00a0EVOLA est agr\u00e9e <strong><a href=\"http:\/\/www.droit-bilingue.ch\/rs\/article.php?rs=631.0&amp;art=53&amp;source=de&amp;cible=fr&amp;lex=20030370\" target=\"_blank\">Entrep\u00f4t Douanier ouvert. <\/a><\/strong>Ici vos marchandises seront stock\u00e9es de fa\u00e7on professionnelle et seront g\u00e9r\u00e9es selon les r\u00e8gles douani\u00e8res en vigueur.<\/p>","protected":false},"excerpt":{"rendered":"<p>Dedouanements Professionels. Vous voulez importer [&hellip;]<\/p>\n","protected":false},"author":1,"featured_media":983,"parent":866,"menu_order":320,"comment_status":"open","ping_status":"closed","template":"page_zollabfertigung.php","meta":{"footnotes":""},"class_list":["post-884","page","type-page","status-publish","has-post-thumbnail","hentry"],"aioseo_notices":[],"_links":{"self":[{"href":"https:\/\/www.evola-spedition.com\/fr\/wp-json\/wp\/v2\/pages\/884","targetHints":{"allow":["GET"]}}],"collection":[{"href":"https:\/\/www.evola-spedition.com\/fr\/wp-json\/wp\/v2\/pages"}],"about":[{"href":"https:\/\/www.evola-spedition.com\/fr\/wp-json\/wp\/v2\/types\/page"}],"author":[{"embeddable":true,"href":"https:\/\/www.evola-spedition.com\/fr\/wp-json\/wp\/v2\/users\/1"}],"replies":[{"embeddable":true,"href":"https:\/\/www.evola-spedition.com\/fr\/wp-json\/wp\/v2\/comments?post=884"}],"version-history":[{"count":2,"href":"https:\/\/www.evola-spedition.com\/fr\/wp-json\/wp\/v2\/pages\/884\/revisions"}],"predecessor-version":[{"id":1050,"href":"https:\/\/www.evola-spedition.com\/fr\/wp-json\/wp\/v2\/pages\/884\/revisions\/1050"}],"up":[{"embeddable":true,"href":"https:\/\/www.evola-spedition.com\/fr\/wp-json\/wp\/v2\/pages\/866"}],"wp:featuredmedia":[{"embeddable":true,"href":"https:\/\/www.evola-spedition.com\/fr\/wp-json\/wp\/v2\/media\/983"}],"wp:attachment":[{"href":"https:\/\/www.evola-spedition.com\/fr\/wp-json\/wp\/v2\/media?parent=884"}],"curies":[{"name":"wp","href":"https:\/\/api.w.org\/{rel}","templated":true}]}}