{"id":883,"date":"2015-04-14T16:52:17","date_gmt":"2015-04-14T16:52:17","guid":{"rendered":"http:\/\/localhost\/wordpress_evola\/?page_id=139"},"modified":"2023-01-16T17:16:07","modified_gmt":"2023-01-16T15:16:07","slug":"transit","status":"publish","type":"page","link":"https:\/\/www.evola-spedition.com\/fr\/zollabfertigung-2\/transit\/","title":{"rendered":"Transit"},"content":{"rendered":"<p><\/p>\n<h1>Titre de Transit (T2) rapide.<\/h1>\n<p>Avec l\u2019introduction au premier janvier 2013 de la nouvelle proc\u00e9dure, sur la plateforme douani\u00e8re de Weil-am-Rhein\/B\u00e2le Autoroute, tous les camions se rendant en Italie doivent obligatoirement \u00eatre munis du titre de Transit (T2) avant d\u2019arriver dans le secteur douanier.\u00a0D\u00e9sormais plus aucun titre de transit ne pourra \u00eatre \u00e9tabli sur ce site.<\/p>\n<p>Pour cette raison, nous avons mis en place \u00e0 notre si\u00e8ge social, Hegenheimer Str. 17, \u00e0 une centaine de m\u00e8tres de la sortie d\u2019autoroute Weil-am-Rhein, une infrastructure d\u2019accueil tr\u00e8s professionnelle\u00a0 afin de vous \u00e9tablir un titre de transit (T2) rapidement.<\/p>\n<p>Pour le retour, c\u2019est-\u00e0-dire pour les formalit\u00e9s de transit sud-nord,\u00a0EVOLA coop\u00e8re avec un agent de douane de Como.<\/p>\n<p><strong>Rendez-Vous:<\/strong> EVOLA \u2013 Hegenheimer Str.17<\/p>\n<p style=\"font-weight: 400;\"><strong>Nos heures de bureau :<br \/>\n<\/strong>Lundi 5.00\u201320.30<br \/>\nMardi\u2013vendredi 5.30\u201320.30<br \/>\nSamedi 5.00\u201313.00<\/p>\n<p><strong>Telephone:<\/strong> +49 7621 9427 28<br \/>\n<strong>Mail:<\/strong> <a href=\"mailto:transit@evola-spedition.com\">transit@evola-spedition.com<\/a><\/p>\n<p><\/p>","protected":false},"excerpt":{"rendered":"<p>Titre de Transit (T2) rapide. [&hellip;]<\/p>\n","protected":false},"author":1,"featured_media":983,"parent":866,"menu_order":310,"comment_status":"open","ping_status":"closed","template":"page_zollabfertigung.php","meta":{"footnotes":""},"class_list":["post-883","page","type-page","status-publish","has-post-thumbnail","hentry"],"aioseo_notices":[],"_links":{"self":[{"href":"https:\/\/www.evola-spedition.com\/fr\/wp-json\/wp\/v2\/pages\/883","targetHints":{"allow":["GET"]}}],"collection":[{"href":"https:\/\/www.evola-spedition.com\/fr\/wp-json\/wp\/v2\/pages"}],"about":[{"href":"https:\/\/www.evola-spedition.com\/fr\/wp-json\/wp\/v2\/types\/page"}],"author":[{"embeddable":true,"href":"https:\/\/www.evola-spedition.com\/fr\/wp-json\/wp\/v2\/users\/1"}],"replies":[{"embeddable":true,"href":"https:\/\/www.evola-spedition.com\/fr\/wp-json\/wp\/v2\/comments?post=883"}],"version-history":[{"count":71,"href":"https:\/\/www.evola-spedition.com\/fr\/wp-json\/wp\/v2\/pages\/883\/revisions"}],"predecessor-version":[{"id":1840,"href":"https:\/\/www.evola-spedition.com\/fr\/wp-json\/wp\/v2\/pages\/883\/revisions\/1840"}],"up":[{"embeddable":true,"href":"https:\/\/www.evola-spedition.com\/fr\/wp-json\/wp\/v2\/pages\/866"}],"wp:featuredmedia":[{"embeddable":true,"href":"https:\/\/www.evola-spedition.com\/fr\/wp-json\/wp\/v2\/media\/983"}],"wp:attachment":[{"href":"https:\/\/www.evola-spedition.com\/fr\/wp-json\/wp\/v2\/media?parent=883"}],"curies":[{"name":"wp","href":"https:\/\/api.w.org\/{rel}","templated":true}]}}