{"id":882,"date":"2015-04-14T16:32:53","date_gmt":"2015-04-14T16:32:53","guid":{"rendered":"http:\/\/localhost\/wordpress_evola\/?page_id=128"},"modified":"2024-09-04T13:50:20","modified_gmt":"2024-09-04T11:50:20","slug":"distributionslogistik","status":"publish","type":"page","link":"https:\/\/www.evola-spedition.com\/fr\/logistik-2\/distributionslogistik\/","title":{"rendered":"Distributionslogistik"},"content":{"rendered":"<p><\/p>\n<h1>Bien envoy\u00e9.<\/h1>\n<p>Nous trouvons la bonne voie pour livrer vos clients \u2013 en toute s\u00e9curit\u00e9 et dans les temps. Tout en respectant les exigences de nos clients et de leurs marchandises, nous vous proposons des solutions de distribution id\u00e9ales.<\/p>\n<p>Gr\u00e2ce \u00e0 notre exp\u00e9rience de longue date, nous sommes votre interlocuteur com-p\u00e9tent.<\/p>","protected":false},"excerpt":{"rendered":"<p>Bien envoy\u00e9. Nous trouvons la [&hellip;]<\/p>\n","protected":false},"author":1,"featured_media":976,"parent":865,"menu_order":300,"comment_status":"open","ping_status":"closed","template":"page_logistik.php","meta":{"footnotes":""},"class_list":["post-882","page","type-page","status-publish","has-post-thumbnail","hentry"],"aioseo_notices":[],"_links":{"self":[{"href":"https:\/\/www.evola-spedition.com\/fr\/wp-json\/wp\/v2\/pages\/882","targetHints":{"allow":["GET"]}}],"collection":[{"href":"https:\/\/www.evola-spedition.com\/fr\/wp-json\/wp\/v2\/pages"}],"about":[{"href":"https:\/\/www.evola-spedition.com\/fr\/wp-json\/wp\/v2\/types\/page"}],"author":[{"embeddable":true,"href":"https:\/\/www.evola-spedition.com\/fr\/wp-json\/wp\/v2\/users\/1"}],"replies":[{"embeddable":true,"href":"https:\/\/www.evola-spedition.com\/fr\/wp-json\/wp\/v2\/comments?post=882"}],"version-history":[{"count":3,"href":"https:\/\/www.evola-spedition.com\/fr\/wp-json\/wp\/v2\/pages\/882\/revisions"}],"predecessor-version":[{"id":2111,"href":"https:\/\/www.evola-spedition.com\/fr\/wp-json\/wp\/v2\/pages\/882\/revisions\/2111"}],"up":[{"embeddable":true,"href":"https:\/\/www.evola-spedition.com\/fr\/wp-json\/wp\/v2\/pages\/865"}],"wp:featuredmedia":[{"embeddable":true,"href":"https:\/\/www.evola-spedition.com\/fr\/wp-json\/wp\/v2\/media\/976"}],"wp:attachment":[{"href":"https:\/\/www.evola-spedition.com\/fr\/wp-json\/wp\/v2\/media?parent=882"}],"curies":[{"name":"wp","href":"https:\/\/api.w.org\/{rel}","templated":true}]}}