{"id":881,"date":"2015-04-14T16:32:29","date_gmt":"2015-04-14T16:32:29","guid":{"rendered":"http:\/\/localhost\/wordpress_evola\/?page_id=126"},"modified":"2016-02-03T18:35:25","modified_gmt":"2016-02-03T16:35:25","slug":"kommissionierung","status":"publish","type":"page","link":"https:\/\/www.evola-spedition.com\/fr\/logistik-2\/kommissionierung\/","title":{"rendered":"Kommissionierung"},"content":{"rendered":"<p><\/p>\n<h1>Le colis de vous r\u00eaves.<\/h1>\n<p>Chez nous, vos marchandises sont entre de bonnes mains. Chez EVOLA, le conditionnement et l\u2019emballage sont effectu\u00e9s avec une pr\u00e9cision exemplaire, de fa\u00e7on s\u00fbre et professionnelle.<\/p>\n<p>Gr\u00e2ce \u00e0 notre prestation Picking &amp; Packing, nous sommes en mesure, selon vos souhaits, de pr\u00e9parer, d\u2019emballer et d\u2019exp\u00e9dier vos marchandises \u00e0 partir de votre stock disponible.<\/p>","protected":false},"excerpt":{"rendered":"<p>Le colis de vous r\u00eaves. [&hellip;]<\/p>\n","protected":false},"author":1,"featured_media":976,"parent":865,"menu_order":230,"comment_status":"open","ping_status":"closed","template":"page_logistik.php","meta":{"footnotes":""},"class_list":["post-881","page","type-page","status-publish","has-post-thumbnail","hentry"],"aioseo_notices":[],"_links":{"self":[{"href":"https:\/\/www.evola-spedition.com\/fr\/wp-json\/wp\/v2\/pages\/881","targetHints":{"allow":["GET"]}}],"collection":[{"href":"https:\/\/www.evola-spedition.com\/fr\/wp-json\/wp\/v2\/pages"}],"about":[{"href":"https:\/\/www.evola-spedition.com\/fr\/wp-json\/wp\/v2\/types\/page"}],"author":[{"embeddable":true,"href":"https:\/\/www.evola-spedition.com\/fr\/wp-json\/wp\/v2\/users\/1"}],"replies":[{"embeddable":true,"href":"https:\/\/www.evola-spedition.com\/fr\/wp-json\/wp\/v2\/comments?post=881"}],"version-history":[{"count":3,"href":"https:\/\/www.evola-spedition.com\/fr\/wp-json\/wp\/v2\/pages\/881\/revisions"}],"predecessor-version":[{"id":1065,"href":"https:\/\/www.evola-spedition.com\/fr\/wp-json\/wp\/v2\/pages\/881\/revisions\/1065"}],"up":[{"embeddable":true,"href":"https:\/\/www.evola-spedition.com\/fr\/wp-json\/wp\/v2\/pages\/865"}],"wp:featuredmedia":[{"embeddable":true,"href":"https:\/\/www.evola-spedition.com\/fr\/wp-json\/wp\/v2\/media\/976"}],"wp:attachment":[{"href":"https:\/\/www.evola-spedition.com\/fr\/wp-json\/wp\/v2\/media?parent=881"}],"curies":[{"name":"wp","href":"https:\/\/api.w.org\/{rel}","templated":true}]}}