{"id":880,"date":"2015-04-14T16:31:49","date_gmt":"2015-04-14T16:31:49","guid":{"rendered":"http:\/\/localhost\/wordpress_evola\/?page_id=124"},"modified":"2016-02-03T10:47:56","modified_gmt":"2016-02-03T08:47:56","slug":"lagerlogistik","status":"publish","type":"page","link":"https:\/\/www.evola-spedition.com\/fr\/logistik-2\/lagerlogistik\/","title":{"rendered":"Lagerlogistik"},"content":{"rendered":"<p><\/p>\n<h1>Parfaitement \u00e0 jour et chacun \u00e0 sa place.<\/h1>\n<p>EVOLA fait de la place. Nos capacit\u00e9s de stockage sont suffisantes pour pouvoir vous d\u00e9charger. Nos hangars de stockage ultra-modernes sont \u00e0 votre disposition pour le stockage classique tout comme pour vos exigences et solutions de stockage les plus complexes.<\/p>\n<p>Nous contr\u00f4lons et g\u00e8rons les mouvements des stocks \u00e0 l\u2019aide d\u2019un logiciel per-formant.<\/p>","protected":false},"excerpt":{"rendered":"<p>Parfaitement \u00e0 jour et chacun [&hellip;]<\/p>\n","protected":false},"author":1,"featured_media":976,"parent":865,"menu_order":220,"comment_status":"open","ping_status":"closed","template":"page_logistik.php","meta":{"footnotes":""},"class_list":["post-880","page","type-page","status-publish","has-post-thumbnail","hentry"],"aioseo_notices":[],"_links":{"self":[{"href":"https:\/\/www.evola-spedition.com\/fr\/wp-json\/wp\/v2\/pages\/880","targetHints":{"allow":["GET"]}}],"collection":[{"href":"https:\/\/www.evola-spedition.com\/fr\/wp-json\/wp\/v2\/pages"}],"about":[{"href":"https:\/\/www.evola-spedition.com\/fr\/wp-json\/wp\/v2\/types\/page"}],"author":[{"embeddable":true,"href":"https:\/\/www.evola-spedition.com\/fr\/wp-json\/wp\/v2\/users\/1"}],"replies":[{"embeddable":true,"href":"https:\/\/www.evola-spedition.com\/fr\/wp-json\/wp\/v2\/comments?post=880"}],"version-history":[{"count":3,"href":"https:\/\/www.evola-spedition.com\/fr\/wp-json\/wp\/v2\/pages\/880\/revisions"}],"predecessor-version":[{"id":1043,"href":"https:\/\/www.evola-spedition.com\/fr\/wp-json\/wp\/v2\/pages\/880\/revisions\/1043"}],"up":[{"embeddable":true,"href":"https:\/\/www.evola-spedition.com\/fr\/wp-json\/wp\/v2\/pages\/865"}],"wp:featuredmedia":[{"embeddable":true,"href":"https:\/\/www.evola-spedition.com\/fr\/wp-json\/wp\/v2\/media\/976"}],"wp:attachment":[{"href":"https:\/\/www.evola-spedition.com\/fr\/wp-json\/wp\/v2\/media?parent=880"}],"curies":[{"name":"wp","href":"https:\/\/api.w.org\/{rel}","templated":true}]}}