{"id":879,"date":"2015-04-14T16:29:37","date_gmt":"2015-04-14T16:29:37","guid":{"rendered":"http:\/\/localhost\/wordpress_evola\/?page_id=120"},"modified":"2019-08-05T12:21:20","modified_gmt":"2019-08-05T10:21:20","slug":"beschaffungslogistik","status":"publish","type":"page","link":"https:\/\/www.evola-spedition.com\/fr\/logistik-2\/beschaffungslogistik\/","title":{"rendered":"Logistique  d\u2019approvisionnement"},"content":{"rendered":"<p><\/p>\n<h1>Nous vous facilitons l\u2019acc\u00e8s vos marchandises.<\/h1>\n<p>Nous mettons \u00e0 votre disposition notre r\u00e9seau efficace de communication afin d\u2019optimiser l\u2019approvisionnement de vos marchandises.\u00a0EVOLA prend en charge l\u2019organisation compl\u00e8te du transport apr\u00e8s r\u00e9ception de votre commande.<\/p>\n<p>Nous restons en contact \u00e9troit avec les fournisseurs afin de garantir la livraison ponctuelle de vos marchandises.<\/p>\n<p>Gr\u00e2ce \u00e0 une parfaite communication sans barri\u00e8re linguistique et \u00e0 la surveillance pr\u00e9cise des d\u00e9lais de livraison, nous sommes en mesure de vous garantir un service parfait.<\/p>","protected":false},"excerpt":{"rendered":"<p>Nous vous facilitons l\u2019acc\u00e8s vos [&hellip;]<\/p>\n","protected":false},"author":1,"featured_media":976,"parent":865,"menu_order":210,"comment_status":"open","ping_status":"closed","template":"page_logistik.php","meta":{"footnotes":""},"class_list":["post-879","page","type-page","status-publish","has-post-thumbnail","hentry"],"aioseo_notices":[],"_links":{"self":[{"href":"https:\/\/www.evola-spedition.com\/fr\/wp-json\/wp\/v2\/pages\/879","targetHints":{"allow":["GET"]}}],"collection":[{"href":"https:\/\/www.evola-spedition.com\/fr\/wp-json\/wp\/v2\/pages"}],"about":[{"href":"https:\/\/www.evola-spedition.com\/fr\/wp-json\/wp\/v2\/types\/page"}],"author":[{"embeddable":true,"href":"https:\/\/www.evola-spedition.com\/fr\/wp-json\/wp\/v2\/users\/1"}],"replies":[{"embeddable":true,"href":"https:\/\/www.evola-spedition.com\/fr\/wp-json\/wp\/v2\/comments?post=879"}],"version-history":[{"count":3,"href":"https:\/\/www.evola-spedition.com\/fr\/wp-json\/wp\/v2\/pages\/879\/revisions"}],"predecessor-version":[{"id":1062,"href":"https:\/\/www.evola-spedition.com\/fr\/wp-json\/wp\/v2\/pages\/879\/revisions\/1062"}],"up":[{"embeddable":true,"href":"https:\/\/www.evola-spedition.com\/fr\/wp-json\/wp\/v2\/pages\/865"}],"wp:featuredmedia":[{"embeddable":true,"href":"https:\/\/www.evola-spedition.com\/fr\/wp-json\/wp\/v2\/media\/976"}],"wp:attachment":[{"href":"https:\/\/www.evola-spedition.com\/fr\/wp-json\/wp\/v2\/media?parent=879"}],"curies":[{"name":"wp","href":"https:\/\/api.w.org\/{rel}","templated":true}]}}