{"id":876,"date":"2015-04-12T16:02:55","date_gmt":"2015-04-12T16:02:55","guid":{"rendered":"http:\/\/localhost\/wordpress_evola\/?page_id=86"},"modified":"2016-02-03T10:56:32","modified_gmt":"2016-02-03T08:56:32","slug":"ladungsverkehr","status":"publish","type":"page","link":"https:\/\/www.evola-spedition.com\/fr\/spedition\/ladungsverkehr\/","title":{"rendered":"Ladungsverkehr"},"content":{"rendered":"<p><\/p>\n<h1>Nous connaissons la route.<\/h1>\n<p>Nous vous emmenons o\u00f9 vous voulez. Pour l\u2019Italie, en particulier,\u00a0EVOLA est le partenaire id\u00e9al pour les cargaisons partielles ou compl\u00e8tes. Que votre destination soit un grand centre \u00e9conomique ou une r\u00e9gion isol\u00e9e, nous trouvons toujours le meilleur trajet et la solution de transport id\u00e9ale.<\/p>","protected":false},"excerpt":{"rendered":"<p>Nous connaissons la route. Nous [&hellip;]<\/p>\n","protected":false},"author":1,"featured_media":966,"parent":864,"menu_order":4,"comment_status":"open","ping_status":"closed","template":"page_spedition.php","meta":{"footnotes":""},"class_list":["post-876","page","type-page","status-publish","has-post-thumbnail","hentry"],"aioseo_notices":[],"_links":{"self":[{"href":"https:\/\/www.evola-spedition.com\/fr\/wp-json\/wp\/v2\/pages\/876","targetHints":{"allow":["GET"]}}],"collection":[{"href":"https:\/\/www.evola-spedition.com\/fr\/wp-json\/wp\/v2\/pages"}],"about":[{"href":"https:\/\/www.evola-spedition.com\/fr\/wp-json\/wp\/v2\/types\/page"}],"author":[{"embeddable":true,"href":"https:\/\/www.evola-spedition.com\/fr\/wp-json\/wp\/v2\/users\/1"}],"replies":[{"embeddable":true,"href":"https:\/\/www.evola-spedition.com\/fr\/wp-json\/wp\/v2\/comments?post=876"}],"version-history":[{"count":2,"href":"https:\/\/www.evola-spedition.com\/fr\/wp-json\/wp\/v2\/pages\/876\/revisions"}],"predecessor-version":[{"id":1044,"href":"https:\/\/www.evola-spedition.com\/fr\/wp-json\/wp\/v2\/pages\/876\/revisions\/1044"}],"up":[{"embeddable":true,"href":"https:\/\/www.evola-spedition.com\/fr\/wp-json\/wp\/v2\/pages\/864"}],"wp:featuredmedia":[{"embeddable":true,"href":"https:\/\/www.evola-spedition.com\/fr\/wp-json\/wp\/v2\/media\/966"}],"wp:attachment":[{"href":"https:\/\/www.evola-spedition.com\/fr\/wp-json\/wp\/v2\/media?parent=876"}],"curies":[{"name":"wp","href":"https:\/\/api.w.org\/{rel}","templated":true}]}}