{"id":875,"date":"2015-04-12T15:32:02","date_gmt":"2015-04-12T15:32:02","guid":{"rendered":"http:\/\/localhost\/wordpress_evola\/?page_id=68"},"modified":"2016-02-11T11:24:08","modified_gmt":"2016-02-11T09:24:08","slug":"pakete","status":"publish","type":"page","link":"https:\/\/www.evola-spedition.com\/fr\/spedition\/pakete\/","title":{"rendered":"Pakete"},"content":{"rendered":"<p><\/p>\n<h1>Livraison habile.<\/h1>\n<p>La distribution de colis figure parmi nos comp\u00e9tences de base. Qu\u2019il s\u2019agisse d\u2019une livraison standard ou d\u2019une livraison express: gr\u00e2ce \u00e0 notre partenaire UPS Deutschland, nous exp\u00e9dions vos colis dans le monde entier \u2013 rapidement et en toute s\u00e9curit\u00e9.<\/p>\n<p>Un syst\u00e8me \u00e9lectronique moderne de suivi des envois nous fournit \u00e0 tout moment les informations souhait\u00e9es.<\/p>","protected":false},"excerpt":{"rendered":"<p>Livraison habile. La distribution de [&hellip;]<\/p>\n","protected":false},"author":1,"featured_media":966,"parent":864,"menu_order":2,"comment_status":"open","ping_status":"closed","template":"page_spedition.php","meta":{"footnotes":""},"class_list":["post-875","page","type-page","status-publish","has-post-thumbnail","hentry"],"aioseo_notices":[],"_links":{"self":[{"href":"https:\/\/www.evola-spedition.com\/fr\/wp-json\/wp\/v2\/pages\/875","targetHints":{"allow":["GET"]}}],"collection":[{"href":"https:\/\/www.evola-spedition.com\/fr\/wp-json\/wp\/v2\/pages"}],"about":[{"href":"https:\/\/www.evola-spedition.com\/fr\/wp-json\/wp\/v2\/types\/page"}],"author":[{"embeddable":true,"href":"https:\/\/www.evola-spedition.com\/fr\/wp-json\/wp\/v2\/users\/1"}],"replies":[{"embeddable":true,"href":"https:\/\/www.evola-spedition.com\/fr\/wp-json\/wp\/v2\/comments?post=875"}],"version-history":[{"count":3,"href":"https:\/\/www.evola-spedition.com\/fr\/wp-json\/wp\/v2\/pages\/875\/revisions"}],"predecessor-version":[{"id":1073,"href":"https:\/\/www.evola-spedition.com\/fr\/wp-json\/wp\/v2\/pages\/875\/revisions\/1073"}],"up":[{"embeddable":true,"href":"https:\/\/www.evola-spedition.com\/fr\/wp-json\/wp\/v2\/pages\/864"}],"wp:featuredmedia":[{"embeddable":true,"href":"https:\/\/www.evola-spedition.com\/fr\/wp-json\/wp\/v2\/media\/966"}],"wp:attachment":[{"href":"https:\/\/www.evola-spedition.com\/fr\/wp-json\/wp\/v2\/media?parent=875"}],"curies":[{"name":"wp","href":"https:\/\/api.w.org\/{rel}","templated":true}]}}