{"id":874,"date":"2015-04-12T15:26:14","date_gmt":"2015-04-12T15:26:14","guid":{"rendered":"http:\/\/localhost\/wordpress_evola\/?page_id=64"},"modified":"2016-02-04T13:36:19","modified_gmt":"2016-02-04T11:36:19","slug":"stueckgut","status":"publish","type":"page","link":"https:\/\/www.evola-spedition.com\/fr\/spedition\/stueckgut\/","title":{"rendered":"St\u00fcckgut"},"content":{"rendered":"<p><\/p>\n<h1>Nous trouvons toujours le meilleur chemin.<\/h1>\n<p>Nous sommes \u00e0 votre service 24 h\/24 et dans toute l\u2019Europe. Notre site principal, situ\u00e9 \u00e0 Weil sur le Rhin, \u00e0 la convergence de l\u2019Allemagne, de la France et de la Suisse, repr\u00e9sente un point de d\u00e9part id\u00e9al.<\/p>\n<p>Chaque jour, nous faisons l\u2019aller-retour entre les principaux centres \u00e9conomiques \u2013 et c\u2019est vous qui choisissez la destination: Barcelone, Bologne, Milan, Marseille, Paris, Prato \u2026 Gr\u00e2ce \u00e0 notre coop\u00e9ration avec des partenaires comp\u00e9tents, nous sommes en mesure de vous garantir un service client\u00e8le digne de confiance.<\/p>\n<p>Qu\u2019il s\u2019agisse d\u2019approvisionnement ou de distribution \u2013 notre vaste r\u00e9seau national de transport nous permet de desservir l\u2019ensemble du territoire allemand.<\/p>","protected":false},"excerpt":{"rendered":"<p>Nous trouvons toujours le meilleur [&hellip;]<\/p>\n","protected":false},"author":1,"featured_media":966,"parent":864,"menu_order":1,"comment_status":"open","ping_status":"closed","template":"page_spedition.php","meta":{"footnotes":""},"class_list":["post-874","page","type-page","status-publish","has-post-thumbnail","hentry"],"aioseo_notices":[],"_links":{"self":[{"href":"https:\/\/www.evola-spedition.com\/fr\/wp-json\/wp\/v2\/pages\/874","targetHints":{"allow":["GET"]}}],"collection":[{"href":"https:\/\/www.evola-spedition.com\/fr\/wp-json\/wp\/v2\/pages"}],"about":[{"href":"https:\/\/www.evola-spedition.com\/fr\/wp-json\/wp\/v2\/types\/page"}],"author":[{"embeddable":true,"href":"https:\/\/www.evola-spedition.com\/fr\/wp-json\/wp\/v2\/users\/1"}],"replies":[{"embeddable":true,"href":"https:\/\/www.evola-spedition.com\/fr\/wp-json\/wp\/v2\/comments?post=874"}],"version-history":[{"count":5,"href":"https:\/\/www.evola-spedition.com\/fr\/wp-json\/wp\/v2\/pages\/874\/revisions"}],"predecessor-version":[{"id":1068,"href":"https:\/\/www.evola-spedition.com\/fr\/wp-json\/wp\/v2\/pages\/874\/revisions\/1068"}],"up":[{"embeddable":true,"href":"https:\/\/www.evola-spedition.com\/fr\/wp-json\/wp\/v2\/pages\/864"}],"wp:featuredmedia":[{"embeddable":true,"href":"https:\/\/www.evola-spedition.com\/fr\/wp-json\/wp\/v2\/media\/966"}],"wp:attachment":[{"href":"https:\/\/www.evola-spedition.com\/fr\/wp-json\/wp\/v2\/media?parent=874"}],"curies":[{"name":"wp","href":"https:\/\/api.w.org\/{rel}","templated":true}]}}