{"id":868,"date":"2015-03-29T09:40:15","date_gmt":"2015-03-29T09:40:15","guid":{"rendered":"http:\/\/localhost\/wordpress_evola\/?page_id=22"},"modified":"2024-08-27T14:00:15","modified_gmt":"2024-08-27T12:00:15","slug":"karriere","status":"publish","type":"page","link":"https:\/\/www.evola-spedition.com\/fr\/karriere\/","title":{"rendered":"Karriere"},"content":{"rendered":"<p><\/p>\n\n\n\n<h1 class=\"wp-block-heading\">Sur la bonne voie.<\/h1>\n\n\n\n<p>EVOLA offre aux personnes qualifi\u00e9es la possibilit\u00e9 d\u2019une r\u00e9orientation professionnelle. En tant qu\u2019entreprise en pleine expansion, nous sommes constamment \u00e0 la recherche d\u2019employes sp\u00e9cialis\u00e9s dans les transports, b\u00e9n\u00e9ficiant d\u2019une exp\u00e9rience professionnelle et ma\u00eetrisant une ou plusieurs langues \u00e9trang\u00e8res.<\/p>\n\n\n\n<p>Afin de mieux r\u00e9pondre \u00e0 de nouveaux d\u00e9fis, nous encourageons nos employ\u00e9s \u00e0 participer \u00e0 des formations continues.Notre mode de travail se r\u00e9sume en trois concepts: esprit d\u2019\u00e9quipe, communication ouverte et hi\u00e9rarchie plate.<\/p>\n\n\n\n<p class=\"has-medium-font-size\"><a href=\"https:\/\/jobapplication.hrworks.de\/de?companyId=ufb3e1d\" target=\"_blank\" rel=\"noopener\" title=\"Aktuelle Stellen\">cliquez ici pour les postes actuels ><\/a><\/p>\n\n\n\n<p><\/p>","protected":false},"excerpt":{"rendered":"<p>Sur la bonne voie. EVOLA [&hellip;]<\/p>\n","protected":false},"author":1,"featured_media":966,"parent":0,"menu_order":500,"comment_status":"open","ping_status":"closed","template":"page_karriere.php","meta":{"footnotes":""},"class_list":["post-868","page","type-page","status-publish","has-post-thumbnail","hentry"],"aioseo_notices":[],"_links":{"self":[{"href":"https:\/\/www.evola-spedition.com\/fr\/wp-json\/wp\/v2\/pages\/868","targetHints":{"allow":["GET"]}}],"collection":[{"href":"https:\/\/www.evola-spedition.com\/fr\/wp-json\/wp\/v2\/pages"}],"about":[{"href":"https:\/\/www.evola-spedition.com\/fr\/wp-json\/wp\/v2\/types\/page"}],"author":[{"embeddable":true,"href":"https:\/\/www.evola-spedition.com\/fr\/wp-json\/wp\/v2\/users\/1"}],"replies":[{"embeddable":true,"href":"https:\/\/www.evola-spedition.com\/fr\/wp-json\/wp\/v2\/comments?post=868"}],"version-history":[{"count":36,"href":"https:\/\/www.evola-spedition.com\/fr\/wp-json\/wp\/v2\/pages\/868\/revisions"}],"predecessor-version":[{"id":2108,"href":"https:\/\/www.evola-spedition.com\/fr\/wp-json\/wp\/v2\/pages\/868\/revisions\/2108"}],"wp:featuredmedia":[{"embeddable":true,"href":"https:\/\/www.evola-spedition.com\/fr\/wp-json\/wp\/v2\/media\/966"}],"wp:attachment":[{"href":"https:\/\/www.evola-spedition.com\/fr\/wp-json\/wp\/v2\/media?parent=868"}],"curies":[{"name":"wp","href":"https:\/\/api.w.org\/{rel}","templated":true}]}}