{"id":867,"date":"2015-03-29T09:40:04","date_gmt":"2015-03-29T09:40:04","guid":{"rendered":"http:\/\/localhost\/wordpress_evola\/?page_id=20"},"modified":"2016-01-23T19:58:34","modified_gmt":"2016-01-23T17:58:34","slug":"team","status":"publish","type":"page","link":"https:\/\/www.evola-spedition.com\/fr\/team\/","title":{"rendered":"Team"},"content":{"rendered":"<p><\/p>\n<h1>L\u2019Equipe Evola<\/h1>\n<p>Notre dynamique Equipe, comp\u00e9tente et hautement qualifi\u00e9e se consacre avec un engagement et une flexibilit\u00e9 sans pareils \u00e0 vos exigences et \u00e0 vos besoins individuels.<\/p>","protected":false},"excerpt":{"rendered":"<p>L\u2019Equipe Evola Notre dynamique Equipe, [&hellip;]<\/p>\n","protected":false},"author":1,"featured_media":987,"parent":0,"menu_order":400,"comment_status":"open","ping_status":"closed","template":"page_team.php","meta":{"footnotes":""},"class_list":["post-867","page","type-page","status-publish","has-post-thumbnail","hentry"],"aioseo_notices":[],"_links":{"self":[{"href":"https:\/\/www.evola-spedition.com\/fr\/wp-json\/wp\/v2\/pages\/867","targetHints":{"allow":["GET"]}}],"collection":[{"href":"https:\/\/www.evola-spedition.com\/fr\/wp-json\/wp\/v2\/pages"}],"about":[{"href":"https:\/\/www.evola-spedition.com\/fr\/wp-json\/wp\/v2\/types\/page"}],"author":[{"embeddable":true,"href":"https:\/\/www.evola-spedition.com\/fr\/wp-json\/wp\/v2\/users\/1"}],"replies":[{"embeddable":true,"href":"https:\/\/www.evola-spedition.com\/fr\/wp-json\/wp\/v2\/comments?post=867"}],"version-history":[{"count":1,"href":"https:\/\/www.evola-spedition.com\/fr\/wp-json\/wp\/v2\/pages\/867\/revisions"}],"predecessor-version":[{"id":988,"href":"https:\/\/www.evola-spedition.com\/fr\/wp-json\/wp\/v2\/pages\/867\/revisions\/988"}],"wp:featuredmedia":[{"embeddable":true,"href":"https:\/\/www.evola-spedition.com\/fr\/wp-json\/wp\/v2\/media\/987"}],"wp:attachment":[{"href":"https:\/\/www.evola-spedition.com\/fr\/wp-json\/wp\/v2\/media?parent=867"}],"curies":[{"name":"wp","href":"https:\/\/api.w.org\/{rel}","templated":true}]}}