{"id":866,"date":"2015-03-29T09:39:45","date_gmt":"2015-03-29T09:39:45","guid":{"rendered":"http:\/\/localhost\/wordpress_evola\/?page_id=18"},"modified":"2024-09-24T12:27:18","modified_gmt":"2024-09-24T10:27:18","slug":"zollabfertigung-2","status":"publish","type":"page","link":"https:\/\/www.evola-spedition.com\/fr\/zollabfertigung-2\/","title":{"rendered":"Zollabfertigung"},"content":{"rendered":"<p><\/p>\n<h1>Savoir-faire sans limite<\/h1>\n<p>Une exp\u00e9rience murie au cours de longues ann\u00e9es de pratique, unie a des employ\u00e9s \u00a0sp\u00e9cialis\u00e9s dans le domaine de la douane: Que ce soit dans la proc\u00e9dure de Transit ( T2) ou bien dans les op\u00e9rations de douane import\/export, nous sommes votre partenaire neutre et competent. L\u2019 Agr\u00e9ment en douane\u00a0 pour l\u2019 administration et la gestion\u00a0des accises ainsi que nos entrep\u00f4ts sous douane compl\u00e8tent la gamme de nos services.<\/p>\n<p><strong>Nos heures de bureau :<br \/>\n<\/strong>Lundi 5.00\u201320.30<br \/>\nMardi\u2013vendredi 5.30\u201320.30<br \/>\nSamedi 5.00\u201313.00<\/p>\n<p><strong>Telephone:<\/strong>\u00a0+49 7621 9427 28<br \/>\n<strong>Mail:<\/strong>\u00a0<a href=\"mailto:transit@evola-spedition.com\">transit@evola-spedition.com<\/a><\/p>\n<p><a title=\"Anspechpartner Zollabfertigung\" href=\"http:\/\/www.evola-spedition.com\/team\/ansprechpartner-zollabfertigung\/?lang=fr\">Cliquez ici\u00a0 pour contacter directement votre interlocuteur<\/a> &gt;<\/p>","protected":false},"excerpt":{"rendered":"<p>Savoir-faire sans limite Une exp\u00e9rience [&hellip;]<\/p>\n","protected":false},"author":1,"featured_media":983,"parent":0,"menu_order":300,"comment_status":"closed","ping_status":"closed","template":"page_zollabfertigung.php","meta":{"footnotes":""},"class_list":["post-866","page","type-page","status-publish","has-post-thumbnail","hentry"],"aioseo_notices":[],"_links":{"self":[{"href":"https:\/\/www.evola-spedition.com\/fr\/wp-json\/wp\/v2\/pages\/866","targetHints":{"allow":["GET"]}}],"collection":[{"href":"https:\/\/www.evola-spedition.com\/fr\/wp-json\/wp\/v2\/pages"}],"about":[{"href":"https:\/\/www.evola-spedition.com\/fr\/wp-json\/wp\/v2\/types\/page"}],"author":[{"embeddable":true,"href":"https:\/\/www.evola-spedition.com\/fr\/wp-json\/wp\/v2\/users\/1"}],"replies":[{"embeddable":true,"href":"https:\/\/www.evola-spedition.com\/fr\/wp-json\/wp\/v2\/comments?post=866"}],"version-history":[{"count":20,"href":"https:\/\/www.evola-spedition.com\/fr\/wp-json\/wp\/v2\/pages\/866\/revisions"}],"predecessor-version":[{"id":2112,"href":"https:\/\/www.evola-spedition.com\/fr\/wp-json\/wp\/v2\/pages\/866\/revisions\/2112"}],"wp:featuredmedia":[{"embeddable":true,"href":"https:\/\/www.evola-spedition.com\/fr\/wp-json\/wp\/v2\/media\/983"}],"wp:attachment":[{"href":"https:\/\/www.evola-spedition.com\/fr\/wp-json\/wp\/v2\/media?parent=866"}],"curies":[{"name":"wp","href":"https:\/\/api.w.org\/{rel}","templated":true}]}}