{"id":865,"date":"2015-03-29T09:39:34","date_gmt":"2015-03-29T09:39:34","guid":{"rendered":"http:\/\/localhost\/wordpress_evola\/?page_id=16"},"modified":"2016-01-23T19:31:50","modified_gmt":"2016-01-23T17:31:50","slug":"logistik-2","status":"publish","type":"page","link":"https:\/\/www.evola-spedition.com\/fr\/logistik-2\/","title":{"rendered":"Logistik"},"content":{"rendered":"<p><\/p>\n<h1>Logistic Solutions.<\/h1>\n<p>Concentrez-vous sur vos activit\u00e9s principales, et profitez de notre savoir-faire.\u00a0EVOLA vous propose des solutions logistiques globales, individuelles et intelligentes. Nous travaillons avec des moyens de communication ultra-modernes; l\u2019ensemble de nos prestations sont assist\u00e9es par des technologies d\u2019information.<\/p>\n<p>De l\u2019approvisionnement en mati\u00e8res premi\u00e8res \u00e0 la distribution aupr\u00e8s de vos clients, en passant par la logistique de stockage et le conditionnement \u2013 nous accompagnons vos marchandises de mani\u00e8re professionnelle.<\/p>\n<p><strong>Profitez de cette chance, nous faisons volontiers le travail \u00e0 votre place.<\/strong><\/p>","protected":false},"excerpt":{"rendered":"<p>Logistic Solutions. Concentrez-vous sur vos [&hellip;]<\/p>\n","protected":false},"author":1,"featured_media":976,"parent":0,"menu_order":200,"comment_status":"open","ping_status":"closed","template":"page_logistik.php","meta":{"footnotes":""},"class_list":["post-865","page","type-page","status-publish","has-post-thumbnail","hentry"],"aioseo_notices":[],"_links":{"self":[{"href":"https:\/\/www.evola-spedition.com\/fr\/wp-json\/wp\/v2\/pages\/865","targetHints":{"allow":["GET"]}}],"collection":[{"href":"https:\/\/www.evola-spedition.com\/fr\/wp-json\/wp\/v2\/pages"}],"about":[{"href":"https:\/\/www.evola-spedition.com\/fr\/wp-json\/wp\/v2\/types\/page"}],"author":[{"embeddable":true,"href":"https:\/\/www.evola-spedition.com\/fr\/wp-json\/wp\/v2\/users\/1"}],"replies":[{"embeddable":true,"href":"https:\/\/www.evola-spedition.com\/fr\/wp-json\/wp\/v2\/comments?post=865"}],"version-history":[{"count":1,"href":"https:\/\/www.evola-spedition.com\/fr\/wp-json\/wp\/v2\/pages\/865\/revisions"}],"predecessor-version":[{"id":978,"href":"https:\/\/www.evola-spedition.com\/fr\/wp-json\/wp\/v2\/pages\/865\/revisions\/978"}],"wp:featuredmedia":[{"embeddable":true,"href":"https:\/\/www.evola-spedition.com\/fr\/wp-json\/wp\/v2\/media\/976"}],"wp:attachment":[{"href":"https:\/\/www.evola-spedition.com\/fr\/wp-json\/wp\/v2\/media?parent=865"}],"curies":[{"name":"wp","href":"https:\/\/api.w.org\/{rel}","templated":true}]}}