{"id":864,"date":"2015-03-29T09:38:15","date_gmt":"2015-03-29T09:38:15","guid":{"rendered":"http:\/\/localhost\/wordpress_evola\/?page_id=13"},"modified":"2019-09-22T20:16:00","modified_gmt":"2019-09-22T18:16:00","slug":"spedition","status":"publish","type":"page","link":"https:\/\/www.evola-spedition.com\/fr\/spedition\/","title":{"rendered":"Spedition"},"content":{"rendered":"<p><\/p>\n<h1>We are on your way.<\/h1>\n<p>Vous cherchez un partenaire comp\u00e9tent pour organiser vos transports?&nbsp;EVOLA vous propose des solutions individuelles et flexibles de transport \u00e0 des conditions int\u00e9ressantes.<\/p>\n<p>Qu\u2019il s\u2019agisse de simples paquets, de petites marchandises ou de cargaisons compl\u00e8tes, qu\u2019il s\u2019agisse d\u2019organiser une course express ou de transporter des mati\u00e8res premi\u00e8res, des articles de mode ou des produits industriels, nos employ\u00e9s veillent \u00e0 ce que vos envois arrivent \u00e0 bon port en temps voulu.<\/p>","protected":false},"excerpt":{"rendered":"<p>We are on your way. [&hellip;]<\/p>\n","protected":false},"author":1,"featured_media":966,"parent":0,"menu_order":2,"comment_status":"open","ping_status":"closed","template":"page_spedition.php","meta":{"footnotes":""},"class_list":["post-864","page","type-page","status-publish","has-post-thumbnail","hentry"],"aioseo_notices":[],"_links":{"self":[{"href":"https:\/\/www.evola-spedition.com\/fr\/wp-json\/wp\/v2\/pages\/864","targetHints":{"allow":["GET"]}}],"collection":[{"href":"https:\/\/www.evola-spedition.com\/fr\/wp-json\/wp\/v2\/pages"}],"about":[{"href":"https:\/\/www.evola-spedition.com\/fr\/wp-json\/wp\/v2\/types\/page"}],"author":[{"embeddable":true,"href":"https:\/\/www.evola-spedition.com\/fr\/wp-json\/wp\/v2\/users\/1"}],"replies":[{"embeddable":true,"href":"https:\/\/www.evola-spedition.com\/fr\/wp-json\/wp\/v2\/comments?post=864"}],"version-history":[{"count":8,"href":"https:\/\/www.evola-spedition.com\/fr\/wp-json\/wp\/v2\/pages\/864\/revisions"}],"predecessor-version":[{"id":1262,"href":"https:\/\/www.evola-spedition.com\/fr\/wp-json\/wp\/v2\/pages\/864\/revisions\/1262"}],"wp:featuredmedia":[{"embeddable":true,"href":"https:\/\/www.evola-spedition.com\/fr\/wp-json\/wp\/v2\/media\/966"}],"wp:attachment":[{"href":"https:\/\/www.evola-spedition.com\/fr\/wp-json\/wp\/v2\/media?parent=864"}],"curies":[{"name":"wp","href":"https:\/\/api.w.org\/{rel}","templated":true}]}}