{"id":863,"date":"2015-03-28T09:10:29","date_gmt":"2015-03-28T07:10:29","guid":{"rendered":"http:\/\/localhost\/wordpress_evola\/?page_id=2"},"modified":"2022-10-22T17:09:07","modified_gmt":"2022-10-22T15:09:07","slug":"home","status":"publish","type":"page","link":"https:\/\/www.evola-spedition.com\/fr\/home\/","title":{"rendered":"Evola. Evolution in Logistics."},"content":{"rendered":"<p><\/p>\n<p>Nous vivons avec notre temps pour permettre \u00e0 vos marchandises d\u2019arriver \u00e0 bon port. Depuis 1993, que nous sommes l\u00e0, nous intervenons pour vous \u2013 tout d\u2019abord en tant que sp\u00e9cialistes de l\u2019Italie, puis comme entreprise logistique europ\u00e9enne. Notre site principal, situ\u00e9 \u00e0 Weil-am-Rhein, \u00e0 la convergence de l\u2019Allemagne, de la France et de Suisse, repr\u00e9sente un point de d\u00e9part id\u00e9al pour un rayon d\u2019action \u00e0 l\u2019\u00e9chelle europ\u00e9enne.<\/p>\n<p>En tant que P.M.E., nous r\u00e9pondons imm\u00e9diatement \u00e0 vos besoins \u2013 de la consultation individuelle et de la prise en charge personnelle aux solutions innovatrices. Notre flexibilit\u00e9 et notre savoir-faire, issus de notre qualification professionnelle et de vingt ans d\u2019exp\u00e9rience, font d\u2019EVOLA un partenaire efficace de logistique intelligente sur lequel vous pouvez compter.<\/p>\n<p><strong>Nos comp\u00e9tences logistiques garantissent votre succ\u00e8s \u00e0 l\u2019\u00e9chelle internationale.<\/strong><\/p>\n<p><\/p>","protected":false},"excerpt":{"rendered":"<p>Nous vivons avec notre temps [&hellip;]<\/p>\n","protected":false},"author":1,"featured_media":945,"parent":0,"menu_order":1,"comment_status":"closed","ping_status":"closed","template":"page_start.php","meta":{"footnotes":""},"class_list":["post-863","page","type-page","status-publish","has-post-thumbnail","hentry"],"aioseo_notices":[],"_links":{"self":[{"href":"https:\/\/www.evola-spedition.com\/fr\/wp-json\/wp\/v2\/pages\/863","targetHints":{"allow":["GET"]}}],"collection":[{"href":"https:\/\/www.evola-spedition.com\/fr\/wp-json\/wp\/v2\/pages"}],"about":[{"href":"https:\/\/www.evola-spedition.com\/fr\/wp-json\/wp\/v2\/types\/page"}],"author":[{"embeddable":true,"href":"https:\/\/www.evola-spedition.com\/fr\/wp-json\/wp\/v2\/users\/1"}],"replies":[{"embeddable":true,"href":"https:\/\/www.evola-spedition.com\/fr\/wp-json\/wp\/v2\/comments?post=863"}],"version-history":[{"count":46,"href":"https:\/\/www.evola-spedition.com\/fr\/wp-json\/wp\/v2\/pages\/863\/revisions"}],"predecessor-version":[{"id":2082,"href":"https:\/\/www.evola-spedition.com\/fr\/wp-json\/wp\/v2\/pages\/863\/revisions\/2082"}],"wp:featuredmedia":[{"embeddable":true,"href":"https:\/\/www.evola-spedition.com\/fr\/wp-json\/wp\/v2\/media\/945"}],"wp:attachment":[{"href":"https:\/\/www.evola-spedition.com\/fr\/wp-json\/wp\/v2\/media?parent=863"}],"curies":[{"name":"wp","href":"https:\/\/api.w.org\/{rel}","templated":true}]}}