{"id":81,"date":"2015-04-12T16:00:25","date_gmt":"2015-04-12T16:00:25","guid":{"rendered":"http:\/\/localhost\/wordpress_evola\/?page_id=81"},"modified":"2019-09-22T19:29:36","modified_gmt":"2019-09-22T17:29:36","slug":"express-service","status":"publish","type":"page","link":"https:\/\/www.evola-spedition.com\/fr\/spedition\/express-service\/","title":{"rendered":"Express-Service"},"content":{"rendered":"<p><\/p>\n<h1>Respect des d\u00e9lais sur-mesure.<\/h1>\n<p>Chaque minute compte, et vos chaines de production sont \u00e0 l\u2019arr\u00eat. Vos monteurs ont absolument besoin d\u2019une pi\u00e8ce de rechange particuli\u00e8re. Vous avez un besoin urgent d\u2019\u00e9chantillons pour une exposition. En outre, vos marchandises sont pr\u00e9cieuses ou fragiles et doivent \u00eatre trait\u00e9es avec la plus grande pr\u00e9caution. Pour vous, Evola organise un transport sp\u00e9cial adapt\u00e9 \u00e0 vos besoins.<\/p>\n<p>Du plus petit colis \u00e0 l\u2019installation compl\u00e8te de production \u2013 gr\u00e2ce \u00e0 nous, vos envois arrivent \u00e0 bon port en temps voulu.<\/p>\n<p><\/p>","protected":false},"excerpt":{"rendered":"<p>Respect des d\u00e9lais sur-mesure. Chaque [&hellip;]<\/p>\n","protected":false},"author":1,"featured_media":966,"parent":864,"menu_order":3,"comment_status":"open","ping_status":"closed","template":"page_spedition.php","meta":{"footnotes":""},"class_list":["post-81","page","type-page","status-publish","has-post-thumbnail","hentry"],"aioseo_notices":[],"_links":{"self":[{"href":"https:\/\/www.evola-spedition.com\/fr\/wp-json\/wp\/v2\/pages\/81","targetHints":{"allow":["GET"]}}],"collection":[{"href":"https:\/\/www.evola-spedition.com\/fr\/wp-json\/wp\/v2\/pages"}],"about":[{"href":"https:\/\/www.evola-spedition.com\/fr\/wp-json\/wp\/v2\/types\/page"}],"author":[{"embeddable":true,"href":"https:\/\/www.evola-spedition.com\/fr\/wp-json\/wp\/v2\/users\/1"}],"replies":[{"embeddable":true,"href":"https:\/\/www.evola-spedition.com\/fr\/wp-json\/wp\/v2\/comments?post=81"}],"version-history":[{"count":5,"href":"https:\/\/www.evola-spedition.com\/fr\/wp-json\/wp\/v2\/pages\/81\/revisions"}],"predecessor-version":[{"id":1259,"href":"https:\/\/www.evola-spedition.com\/fr\/wp-json\/wp\/v2\/pages\/81\/revisions\/1259"}],"up":[{"embeddable":true,"href":"https:\/\/www.evola-spedition.com\/fr\/wp-json\/wp\/v2\/pages\/864"}],"wp:featuredmedia":[{"embeddable":true,"href":"https:\/\/www.evola-spedition.com\/fr\/wp-json\/wp\/v2\/media\/966"}],"wp:attachment":[{"href":"https:\/\/www.evola-spedition.com\/fr\/wp-json\/wp\/v2\/media?parent=81"}],"curies":[{"name":"wp","href":"https:\/\/api.w.org\/{rel}","templated":true}]}}